{"id":1068,"date":"2022-05-18T09:25:35","date_gmt":"2022-05-18T08:25:35","guid":{"rendered":"https:\/\/www.groningen.polskaszkola.nl\/?page_id=1068"},"modified":"2023-05-31T14:55:09","modified_gmt":"2023-05-31T13:55:09","slug":"polska-szkola-groningen","status":"publish","type":"page","link":"https:\/\/www.groningen.polskaszkola.nl\/","title":{"rendered":"Polska Szko\u0142a Groningen"},"content":{"rendered":"\n<p><\/p>\n\n\n\n<p class=\"has-text-align-center\">Zapraszamy do Polskiej Szko\u0142y Groningen. Prowadzimy zaj\u0119cia dla dzieci i doros\u0142ych. <\/p>\n\n\n\n<p class=\"has-text-align-center\">Jeste\u015bmy r\u00f3wnie\u017c miejscem spotka\u0144 polskiej spo\u0142eczno\u015bci. Wi\u0119cej informacji o szkole w zak\u0142adce <\/p>\n\n\n\n<div class=\"wp-block-columns\">\n<div class=\"wp-block-column\"><\/div>\n\n\n\n<div class=\"wp-block-column\">\n<div class=\"wp-block-buttons\">\n<div class=\"wp-block-button\"><a class=\"wp-block-button__link\" href=\"https:\/\/www.groningen.polskaszkola.nl\/?page_id=905\">O nas<\/a><\/div>\n<\/div>\n<\/div>\n\n\n\n<div class=\"wp-block-column\"><\/div>\n<\/div>\n\n\n\n<figure class=\"wp-block-embed is-type-video is-provider-youtube wp-block-embed-youtube wp-embed-aspect-16-9 wp-has-aspect-ratio\"><div class=\"wp-block-embed__wrapper\">\n<div class='embed-container'><iframe loading=\"lazy\" title=\"Dzie\u0144 Otwarty Polska Szko\u0142a Groningen\" width=\"1920\" height=\"1080\" src=\"https:\/\/www.youtube.com\/embed\/Gfr6VOSIi_Y?feature=oembed\" frameborder=\"0\" allow=\"accelerometer; autoplay; clipboard-write; encrypted-media; gyroscope; picture-in-picture\" allowfullscreen><\/iframe><\/div>\n<\/div><\/figure>\n\n\n\n<p class=\"has-text-align-center\">Do zobaczenia!<\/p>\n","protected":false},"excerpt":{"rendered":"<p>Zapraszamy do Polskiej Szko\u0142y Groningen. Prowadzimy zaj\u0119cia dla dzieci i doros\u0142ych. Jeste\u015bmy r\u00f3wnie\u017c miejscem spotka\u0144 polskiej spo\u0142eczno\u015bci. Wi\u0119cej informacji o szkole w zak\u0142adce Do zobaczenia!<\/p>\n","protected":false},"author":2,"featured_media":0,"parent":0,"menu_order":0,"comment_status":"closed","ping_status":"closed","template":"","meta":[],"_links":{"self":[{"href":"https:\/\/www.groningen.polskaszkola.nl\/index.php?rest_route=\/wp\/v2\/pages\/1068"}],"collection":[{"href":"https:\/\/www.groningen.polskaszkola.nl\/index.php?rest_route=\/wp\/v2\/pages"}],"about":[{"href":"https:\/\/www.groningen.polskaszkola.nl\/index.php?rest_route=\/wp\/v2\/types\/page"}],"author":[{"embeddable":true,"href":"https:\/\/www.groningen.polskaszkola.nl\/index.php?rest_route=\/wp\/v2\/users\/2"}],"replies":[{"embeddable":true,"href":"https:\/\/www.groningen.polskaszkola.nl\/index.php?rest_route=%2Fwp%2Fv2%2Fcomments&post=1068"}],"version-history":[{"count":12,"href":"https:\/\/www.groningen.polskaszkola.nl\/index.php?rest_route=\/wp\/v2\/pages\/1068\/revisions"}],"predecessor-version":[{"id":1196,"href":"https:\/\/www.groningen.polskaszkola.nl\/index.php?rest_route=\/wp\/v2\/pages\/1068\/revisions\/1196"}],"wp:attachment":[{"href":"https:\/\/www.groningen.polskaszkola.nl\/index.php?rest_route=%2Fwp%2Fv2%2Fmedia&parent=1068"}],"curies":[{"name":"wp","href":"https:\/\/api.w.org\/{rel}","templated":true}]}}