{"id":1180,"date":"2022-12-21T08:06:04","date_gmt":"2022-12-21T07:06:04","guid":{"rendered":"https:\/\/www.groningen.polskaszkola.nl\/?page_id=1180"},"modified":"2023-12-20T08:07:37","modified_gmt":"2023-12-20T07:07:37","slug":"polska-cafe","status":"publish","type":"page","link":"https:\/\/www.groningen.polskaszkola.nl\/?page_id=1180","title":{"rendered":"Polska Cafe"},"content":{"rendered":"\n<figure class=\"wp-block-image size-large\"><a href=\"blob:https:\/\/www.groningen.polskaszkola.nl\/b6f2579a-e89b-41dd-84e4-5b364924892b\"><img src=\"blob:https:\/\/www.groningen.polskaszkola.nl\/b6f2579a-e89b-41dd-84e4-5b364924892b\" alt=\"\"\/><\/a><\/figure>\n\n\n\n<div class=\"wp-block-columns\">\n<div class=\"wp-block-column\">\n<figure class=\"wp-block-image size-large\"><a href=\"http:\/\/www.groningen.polskaszkola.nl\/wp-content\/uploads\/2021\/11\/znaki-na-stronie-www.png\"><img loading=\"lazy\" width=\"1024\" height=\"341\" src=\"http:\/\/www.groningen.polskaszkola.nl\/wp-content\/uploads\/2021\/11\/znaki-na-stronie-www-1024x341.png\" alt=\"\" class=\"wp-image-1051\" srcset=\"https:\/\/www.groningen.polskaszkola.nl\/wp-content\/uploads\/2021\/11\/znaki-na-stronie-www-1024x341.png 1024w, https:\/\/www.groningen.polskaszkola.nl\/wp-content\/uploads\/2021\/11\/znaki-na-stronie-www-300x100.png 300w, https:\/\/www.groningen.polskaszkola.nl\/wp-content\/uploads\/2021\/11\/znaki-na-stronie-www-768x256.png 768w, https:\/\/www.groningen.polskaszkola.nl\/wp-content\/uploads\/2021\/11\/znaki-na-stronie-www-1536x511.png 1536w, https:\/\/www.groningen.polskaszkola.nl\/wp-content\/uploads\/2021\/11\/znaki-na-stronie-www.png 1751w\" sizes=\"(max-width: 1024px) 100vw, 1024px\" \/><\/a><figcaption>Projekt\u00a0<a href=\"https:\/\/www.facebook.com\/polskacafe?__tn__=-]K*F\">Polska Cafe Groningen<\/a>\u00a0Polskiego Stowarzyszenia Groningen jest dofinansowany ze \u015brodk\u00f3w Kancelarii Prezesa Rady Ministr\u00f3w w ramach konkursu Polonia i Polacy za Granic\u0105 2023. Nazwa zadania publicznego: Wsparcie struktur organizacji polonijnych w Belgii, Holandii i Niemczech<br>Wsparcie w ramach projektu dotyczy m. in. dofinansowania koszt\u00f3w wynajmu pomieszcze\u0144, ubezpieczenia, wynagrodze\u0144 pracownik\u00f3w, zakupu materia\u0142\u00f3w biurowych oraz innych koszt\u00f3w funkcjonowania organizacji.<\/figcaption><\/figure>\n<\/div>\n\n\n\n<div class=\"wp-block-column\">\n<p>Projekt POLSKA CAFE &#8211; spotkania z polonijnymi ekspertami w Groningen prowadzony<br \/>jest dla Polonii i os\u00f3b powi\u0105zanych z Polsk\u0105 zamieszkuj\u0105cych cztery p\u00f3\u0142nocno-wschodnie<br \/>prowincje Niderland\u00f3w (Holandii) &#8211; prowincj\u0119 Groningen, Friesland, Drenthe i Overijssel.<br \/>Projekt POLSKA CAFE &#8211; spotkania z polonijnymi ekspertami w Groningen jest<br \/>kontynuacj\u0105 popularnego projektu Polska Cafe zrealizowanego przez Polskie<br \/>Stowarzyszenie Groningen w latach 2014-2015 roku, kt\u00f3ry do dzi\u015b zosta\u0142 w pami\u0119ci<br \/>tutejszej Polonii.<\/p>\n<\/div>\n<\/div>\n\n\n\n<div class=\"wp-block-columns\">\n<div class=\"wp-block-column\">\n<figure class=\"wp-block-image size-large\"><a href=\"https:\/\/www.groningen.polskaszkola.nl\/wp-content\/uploads\/2022\/12\/PSG-zalacznik-do-sprawozdania-plakat-2-27-11-2022.jpg\"><img loading=\"lazy\" width=\"724\" height=\"1024\" src=\"https:\/\/www.groningen.polskaszkola.nl\/wp-content\/uploads\/2022\/12\/PSG-zalacznik-do-sprawozdania-plakat-2-27-11-2022-724x1024.jpg\" alt=\"\" class=\"wp-image-1187\" srcset=\"https:\/\/www.groningen.polskaszkola.nl\/wp-content\/uploads\/2022\/12\/PSG-zalacznik-do-sprawozdania-plakat-2-27-11-2022-724x1024.jpg 724w, https:\/\/www.groningen.polskaszkola.nl\/wp-content\/uploads\/2022\/12\/PSG-zalacznik-do-sprawozdania-plakat-2-27-11-2022-212x300.jpg 212w, https:\/\/www.groningen.polskaszkola.nl\/wp-content\/uploads\/2022\/12\/PSG-zalacznik-do-sprawozdania-plakat-2-27-11-2022-768x1086.jpg 768w, https:\/\/www.groningen.polskaszkola.nl\/wp-content\/uploads\/2022\/12\/PSG-zalacznik-do-sprawozdania-plakat-2-27-11-2022-1086x1536.jpg 1086w, https:\/\/www.groningen.polskaszkola.nl\/wp-content\/uploads\/2022\/12\/PSG-zalacznik-do-sprawozdania-plakat-2-27-11-2022-1024x1448.jpg 1024w, https:\/\/www.groningen.polskaszkola.nl\/wp-content\/uploads\/2022\/12\/PSG-zalacznik-do-sprawozdania-plakat-2-27-11-2022-764x1080.jpg 764w, https:\/\/www.groningen.polskaszkola.nl\/wp-content\/uploads\/2022\/12\/PSG-zalacznik-do-sprawozdania-plakat-2-27-11-2022.jpg 1240w\" sizes=\"(max-width: 724px) 100vw, 724px\" \/><\/a><\/figure>\n\n\n\n<figure class=\"wp-block-image size-large\"><a href=\"http:\/\/www.groningen.polskaszkola.nl\/wp-content\/uploads\/2022\/08\/dzien-otwarty-22-.jpg\"><img loading=\"lazy\" width=\"724\" height=\"1024\" src=\"http:\/\/www.groningen.polskaszkola.nl\/wp-content\/uploads\/2022\/08\/dzien-otwarty-22--724x1024.jpg\" alt=\"\" class=\"wp-image-1150\" srcset=\"https:\/\/www.groningen.polskaszkola.nl\/wp-content\/uploads\/2022\/08\/dzien-otwarty-22--724x1024.jpg 724w, https:\/\/www.groningen.polskaszkola.nl\/wp-content\/uploads\/2022\/08\/dzien-otwarty-22--212x300.jpg 212w, https:\/\/www.groningen.polskaszkola.nl\/wp-content\/uploads\/2022\/08\/dzien-otwarty-22--768x1086.jpg 768w, https:\/\/www.groningen.polskaszkola.nl\/wp-content\/uploads\/2022\/08\/dzien-otwarty-22--1086x1536.jpg 1086w, https:\/\/www.groningen.polskaszkola.nl\/wp-content\/uploads\/2022\/08\/dzien-otwarty-22--1024x1448.jpg 1024w, https:\/\/www.groningen.polskaszkola.nl\/wp-content\/uploads\/2022\/08\/dzien-otwarty-22--764x1080.jpg 764w, https:\/\/www.groningen.polskaszkola.nl\/wp-content\/uploads\/2022\/08\/dzien-otwarty-22-.jpg 1200w\" sizes=\"(max-width: 724px) 100vw, 724px\" \/><\/a><\/figure>\n<\/div>\n\n\n\n<div class=\"wp-block-column\">\n<figure class=\"wp-block-image size-large\"><a href=\"https:\/\/www.groningen.polskaszkola.nl\/wp-content\/uploads\/2022\/12\/PSG-zalacznik-do-sprawozdania-plakat-3-4-12-2022.jpg\"><img loading=\"lazy\" width=\"724\" height=\"1024\" src=\"https:\/\/www.groningen.polskaszkola.nl\/wp-content\/uploads\/2022\/12\/PSG-zalacznik-do-sprawozdania-plakat-3-4-12-2022-724x1024.jpg\" alt=\"\" class=\"wp-image-1188\" srcset=\"https:\/\/www.groningen.polskaszkola.nl\/wp-content\/uploads\/2022\/12\/PSG-zalacznik-do-sprawozdania-plakat-3-4-12-2022-724x1024.jpg 724w, https:\/\/www.groningen.polskaszkola.nl\/wp-content\/uploads\/2022\/12\/PSG-zalacznik-do-sprawozdania-plakat-3-4-12-2022-212x300.jpg 212w, https:\/\/www.groningen.polskaszkola.nl\/wp-content\/uploads\/2022\/12\/PSG-zalacznik-do-sprawozdania-plakat-3-4-12-2022-768x1086.jpg 768w, https:\/\/www.groningen.polskaszkola.nl\/wp-content\/uploads\/2022\/12\/PSG-zalacznik-do-sprawozdania-plakat-3-4-12-2022-1086x1536.jpg 1086w, https:\/\/www.groningen.polskaszkola.nl\/wp-content\/uploads\/2022\/12\/PSG-zalacznik-do-sprawozdania-plakat-3-4-12-2022-1024x1448.jpg 1024w, https:\/\/www.groningen.polskaszkola.nl\/wp-content\/uploads\/2022\/12\/PSG-zalacznik-do-sprawozdania-plakat-3-4-12-2022-764x1080.jpg 764w, https:\/\/www.groningen.polskaszkola.nl\/wp-content\/uploads\/2022\/12\/PSG-zalacznik-do-sprawozdania-plakat-3-4-12-2022.jpg 1240w\" sizes=\"(max-width: 724px) 100vw, 724px\" \/><\/a><\/figure>\n\n\n\n<div class=\"wp-block-columns\">\n<div class=\"wp-block-column\"><\/div>\n\n\n\n<div class=\"wp-block-column\"><\/div>\n<\/div>\n<\/div>\n<\/div>\n\n\n\n<p><\/p>\n","protected":false},"excerpt":{"rendered":"<p>Projekt POLSKA CAFE &#8211; spotkania z polonijnymi ekspertami w Groningen prowadzonyjest dla Polonii i os\u00f3b powi\u0105zanych z Polsk\u0105 zamieszkuj\u0105cych cztery p\u00f3\u0142nocno-wschodnieprowincje Niderland\u00f3w (Holandii) &#8211; prowincj\u0119 Groningen, Friesland, Drenthe i Overijssel.Projekt POLSKA CAFE &#8211; spotkania z polonijnymi ekspertami w Groningen jestkontynuacj\u0105 popularnego projektu Polska Cafe zrealizowanego przez PolskieStowarzyszenie Groningen w latach 2014-2015 roku, kt\u00f3ry do dzi\u015b&hellip; <br \/> <a class=\"read-more\" href=\"https:\/\/www.groningen.polskaszkola.nl\/?page_id=1180\">Przeczytaj wi\u0119cej<\/a><\/p>\n","protected":false},"author":2,"featured_media":0,"parent":0,"menu_order":0,"comment_status":"closed","ping_status":"closed","template":"","meta":[],"_links":{"self":[{"href":"https:\/\/www.groningen.polskaszkola.nl\/index.php?rest_route=\/wp\/v2\/pages\/1180"}],"collection":[{"href":"https:\/\/www.groningen.polskaszkola.nl\/index.php?rest_route=\/wp\/v2\/pages"}],"about":[{"href":"https:\/\/www.groningen.polskaszkola.nl\/index.php?rest_route=\/wp\/v2\/types\/page"}],"author":[{"embeddable":true,"href":"https:\/\/www.groningen.polskaszkola.nl\/index.php?rest_route=\/wp\/v2\/users\/2"}],"replies":[{"embeddable":true,"href":"https:\/\/www.groningen.polskaszkola.nl\/index.php?rest_route=%2Fwp%2Fv2%2Fcomments&post=1180"}],"version-history":[{"count":5,"href":"https:\/\/www.groningen.polskaszkola.nl\/index.php?rest_route=\/wp\/v2\/pages\/1180\/revisions"}],"predecessor-version":[{"id":1221,"href":"https:\/\/www.groningen.polskaszkola.nl\/index.php?rest_route=\/wp\/v2\/pages\/1180\/revisions\/1221"}],"wp:attachment":[{"href":"https:\/\/www.groningen.polskaszkola.nl\/index.php?rest_route=%2Fwp%2Fv2%2Fmedia&parent=1180"}],"curies":[{"name":"wp","href":"https:\/\/api.w.org\/{rel}","templated":true}]}}